{"id":310,"date":"2025-08-13T11:28:43","date_gmt":"2025-08-13T11:28:43","guid":{"rendered":"https:\/\/mediumorchid-tiger-636058.hostingersite.com\/?page_id=310"},"modified":"2025-08-13T11:28:43","modified_gmt":"2025-08-13T11:28:43","slug":"politica-de-cookies","status":"publish","type":"page","link":"https:\/\/brandupconsulting.es\/en\/politica-de-cookies\/","title":{"rendered":"Cookies Policy"},"content":{"rendered":"<p>This website uses cookies to enhance the user experience. Below, we detail what cookies are, what types of cookies this website uses and how they can be managed by the user.<\/p>\n\n\n\n<p><strong>1. What are cookies?<\/strong>&nbsp;Cookies are small text files that are stored on the user's device when visiting a website. Their function is to improve the user's experience, remember preferences and provide information to the website owner about how the website is used.<\/p>\n\n\n\n<p><strong>2. Types of cookies used<\/strong>&nbsp;This website uses the following types of cookies:<\/p>\n\n\n\n<ul class=\"wp-block-list\">\n<li><strong>Technical cookies:<\/strong>\u00a0Necessary for the proper functioning of the website.<\/li>\n\n\n\n<li><strong>Analytics cookies:<\/strong>\u00a0They allow to analyze the behavior of users on the web and improve their experience.<\/li>\n\n\n\n<li><strong>Third-party cookies:<\/strong>\u00a0They can be used by external services integrated in the web.<\/li>\n<\/ul>\n\n\n\n<p><strong>3. Cookie management<\/strong>&nbsp;You can configure your browser to accept, reject or delete cookies at any time. For more information on how to manage cookies in your browser, please refer to your browser's documentation.<\/p>\n\n\n\n<p>If the user continues browsing this website, it will be considered that he\/she accepts the use of cookies according to this policy.<\/p>","protected":false},"excerpt":{"rendered":"<p>This website uses cookies to enhance the user experience. The following are details of what cookies are, what [...]<\/p>","protected":false},"author":1,"featured_media":0,"parent":0,"menu_order":0,"comment_status":"closed","ping_status":"closed","template":"","meta":{"_uag_custom_page_level_css":"","site-sidebar-layout":"default","site-content-layout":"","ast-site-content-layout":"default","site-content-style":"default","site-sidebar-style":"default","ast-global-header-display":"","ast-banner-title-visibility":"","ast-main-header-display":"","ast-hfb-above-header-display":"","ast-hfb-below-header-display":"","ast-hfb-mobile-header-display":"","site-post-title":"","ast-breadcrumbs-content":"","ast-featured-img":"","footer-sml-layout":"","theme-transparent-header-meta":"","adv-header-id-meta":"","stick-header-meta":"","header-above-stick-meta":"","header-main-stick-meta":"","header-below-stick-meta":"","astra-migrate-meta-layouts":"default","ast-page-background-enabled":"default","ast-page-background-meta":{"desktop":{"background-color":"var(--ast-global-color-4)","background-image":"","background-repeat":"repeat","background-position":"center center","background-size":"auto","background-attachment":"scroll","background-type":"","background-media":"","overlay-type":"","overlay-color":"","overlay-opacity":"","overlay-gradient":""},"tablet":{"background-color":"","background-image":"","background-repeat":"repeat","background-position":"center center","background-size":"auto","background-attachment":"scroll","background-type":"","background-media":"","overlay-type":"","overlay-color":"","overlay-opacity":"","overlay-gradient":""},"mobile":{"background-color":"","background-image":"","background-repeat":"repeat","background-position":"center center","background-size":"auto","background-attachment":"scroll","background-type":"","background-media":"","overlay-type":"","overlay-color":"","overlay-opacity":"","overlay-gradient":""}},"ast-content-background-meta":{"desktop":{"background-color":"var(--ast-global-color-5)","background-image":"","background-repeat":"repeat","background-position":"center center","background-size":"auto","background-attachment":"scroll","background-type":"","background-media":"","overlay-type":"","overlay-color":"","overlay-opacity":"","overlay-gradient":""},"tablet":{"background-color":"var(--ast-global-color-5)","background-image":"","background-repeat":"repeat","background-position":"center center","background-size":"auto","background-attachment":"scroll","background-type":"","background-media":"","overlay-type":"","overlay-color":"","overlay-opacity":"","overlay-gradient":""},"mobile":{"background-color":"var(--ast-global-color-5)","background-image":"","background-repeat":"repeat","background-position":"center center","background-size":"auto","background-attachment":"scroll","background-type":"","background-media":"","overlay-type":"","overlay-color":"","overlay-opacity":"","overlay-gradient":""}},"footnotes":""},"class_list":["post-310","page","type-page","status-publish","hentry"],"uagb_featured_image_src":{"full":false,"thumbnail":false,"medium":false,"medium_large":false,"large":false,"1536x1536":false,"2048x2048":false,"trp-custom-language-flag":false,"woocommerce_thumbnail":false,"woocommerce_single":false,"woocommerce_gallery_thumbnail":false},"uagb_author_info":{"display_name":"COSTA ROSANNI CONSULTING SL B13764683","author_link":"https:\/\/brandupconsulting.es\/en\/author\/gestionbiskitagencia-com\/"},"uagb_comment_info":0,"uagb_excerpt":"Este sitio web utiliza cookies para mejorar la experiencia del usuario. A continuaci\u00f3n, se detallan qu\u00e9 son las cookies, qu\u00e9 [&hellip;]","_links":{"self":[{"href":"https:\/\/brandupconsulting.es\/en\/wp-json\/wp\/v2\/pages\/310","targetHints":{"allow":["GET"]}}],"collection":[{"href":"https:\/\/brandupconsulting.es\/en\/wp-json\/wp\/v2\/pages"}],"about":[{"href":"https:\/\/brandupconsulting.es\/en\/wp-json\/wp\/v2\/types\/page"}],"author":[{"embeddable":true,"href":"https:\/\/brandupconsulting.es\/en\/wp-json\/wp\/v2\/users\/1"}],"replies":[{"embeddable":true,"href":"https:\/\/brandupconsulting.es\/en\/wp-json\/wp\/v2\/comments?post=310"}],"version-history":[{"count":1,"href":"https:\/\/brandupconsulting.es\/en\/wp-json\/wp\/v2\/pages\/310\/revisions"}],"predecessor-version":[{"id":311,"href":"https:\/\/brandupconsulting.es\/en\/wp-json\/wp\/v2\/pages\/310\/revisions\/311"}],"wp:attachment":[{"href":"https:\/\/brandupconsulting.es\/en\/wp-json\/wp\/v2\/media?parent=310"}],"curies":[{"name":"wp","href":"https:\/\/api.w.org\/{rel}","templated":true}]}}