{"id":406,"date":"2025-08-14T09:35:42","date_gmt":"2025-08-14T09:35:42","guid":{"rendered":"https:\/\/brandupconsulting.es\/?post_type=product&#038;p=406"},"modified":"2025-08-14T09:41:29","modified_gmt":"2025-08-14T09:41:29","slug":"consultoria","status":"publish","type":"product","link":"https:\/\/brandupconsulting.es\/en\/product\/consultoria\/","title":{"rendered":"Consulting"},"content":{"rendered":"<p>Personalized session to analyze your business, detect opportunities and draw a clear action plan. Includes audit, recommendations and strategies adapted to your objectives. Available online or in person.<\/p>","protected":false},"excerpt":{"rendered":"<p>Sesi\u00f3n personalizada para analizar tu negocio, detectar oportunidades y trazar un plan de acci\u00f3n claro. Incluye auditor\u00eda, recomendaciones y estrategias [&hellip;]<\/p>","protected":false},"featured_media":407,"comment_status":"open","ping_status":"closed","template":"","meta":{"_uag_custom_page_level_css":"","site-sidebar-layout":"default","site-content-layout":"","ast-site-content-layout":"default","site-content-style":"default","site-sidebar-style":"default","ast-global-header-display":"","ast-banner-title-visibility":"","ast-main-header-display":"","ast-hfb-above-header-display":"","ast-hfb-below-header-display":"","ast-hfb-mobile-header-display":"","site-post-title":"","ast-breadcrumbs-content":"","ast-featured-img":"","footer-sml-layout":"","theme-transparent-header-meta":"default","adv-header-id-meta":"","stick-header-meta":"","header-above-stick-meta":"","header-main-stick-meta":"","header-below-stick-meta":"","astra-migrate-meta-layouts":"set","ast-page-background-enabled":"default","ast-page-background-meta":{"desktop":{"background-color":"var(--ast-global-color-4)","background-image":"","background-repeat":"repeat","background-position":"center center","background-size":"auto","background-attachment":"scroll","background-type":"","background-media":"","overlay-type":"","overlay-color":"","overlay-opacity":"","overlay-gradient":""},"tablet":{"background-color":"","background-image":"","background-repeat":"repeat","background-position":"center center","background-size":"auto","background-attachment":"scroll","background-type":"","background-media":"","overlay-type":"","overlay-color":"","overlay-opacity":"","overlay-gradient":""},"mobile":{"background-color":"","background-image":"","background-repeat":"repeat","background-position":"center center","background-size":"auto","background-attachment":"scroll","background-type":"","background-media":"","overlay-type":"","overlay-color":"","overlay-opacity":"","overlay-gradient":""}},"ast-content-background-meta":{"desktop":{"background-color":"var(--ast-global-color-5)","background-image":"","background-repeat":"repeat","background-position":"center center","background-size":"auto","background-attachment":"scroll","background-type":"","background-media":"","overlay-type":"","overlay-color":"","overlay-opacity":"","overlay-gradient":""},"tablet":{"background-color":"var(--ast-global-color-5)","background-image":"","background-repeat":"repeat","background-position":"center center","background-size":"auto","background-attachment":"scroll","background-type":"","background-media":"","overlay-type":"","overlay-color":"","overlay-opacity":"","overlay-gradient":""},"mobile":{"background-color":"var(--ast-global-color-5)","background-image":"","background-repeat":"repeat","background-position":"center center","background-size":"auto","background-attachment":"scroll","background-type":"","background-media":"","overlay-type":"","overlay-color":"","overlay-opacity":"","overlay-gradient":""}}},"product_brand":[],"product_cat":[19],"product_tag":[],"class_list":{"0":"post-406","1":"product","2":"type-product","3":"status-publish","4":"has-post-thumbnail","6":"product_cat-uncategorized","7":"desktop-align-center","8":"tablet-align-left","9":"mobile-align-left","11":"first","12":"instock","13":"shipping-taxable","14":"purchasable","15":"product-type-simple"},"uagb_featured_image_src":{"full":["https:\/\/brandupconsulting.es\/wp-content\/uploads\/2025\/08\/foto-consultoria-de-marketing-.png",1200,1200,false],"thumbnail":["https:\/\/brandupconsulting.es\/wp-content\/uploads\/2025\/08\/foto-consultoria-de-marketing--150x150.png",150,150,true],"medium":["https:\/\/brandupconsulting.es\/wp-content\/uploads\/2025\/08\/foto-consultoria-de-marketing--300x300.png",300,300,true],"medium_large":["https:\/\/brandupconsulting.es\/wp-content\/uploads\/2025\/08\/foto-consultoria-de-marketing--768x768.png",768,768,true],"large":["https:\/\/brandupconsulting.es\/wp-content\/uploads\/2025\/08\/foto-consultoria-de-marketing--1024x1024.png",1024,1024,true],"1536x1536":["https:\/\/brandupconsulting.es\/wp-content\/uploads\/2025\/08\/foto-consultoria-de-marketing-.png",1200,1200,false],"2048x2048":["https:\/\/brandupconsulting.es\/wp-content\/uploads\/2025\/08\/foto-consultoria-de-marketing-.png",1200,1200,false],"trp-custom-language-flag":["https:\/\/brandupconsulting.es\/wp-content\/uploads\/2025\/08\/foto-consultoria-de-marketing--12x12.png",12,12,true],"woocommerce_thumbnail":["https:\/\/brandupconsulting.es\/wp-content\/uploads\/2025\/08\/foto-consultoria-de-marketing--300x300.png",300,300,true],"woocommerce_single":["https:\/\/brandupconsulting.es\/wp-content\/uploads\/2025\/08\/foto-consultoria-de-marketing--600x600.png",600,600,true],"woocommerce_gallery_thumbnail":["https:\/\/brandupconsulting.es\/wp-content\/uploads\/2025\/08\/foto-consultoria-de-marketing--100x100.png",100,100,true]},"uagb_author_info":{"display_name":"COSTA ROSANNI CONSULTING SL B13764683","author_link":"https:\/\/brandupconsulting.es\/en\/author\/"},"uagb_comment_info":0,"uagb_excerpt":"Sesi\u00f3n personalizada para analizar tu negocio, detectar oportunidades y trazar un plan de acci\u00f3n claro. Incluye auditor\u00eda, recomendaciones y estrategias [&hellip;]","_links":{"self":[{"href":"https:\/\/brandupconsulting.es\/en\/wp-json\/wp\/v2\/product\/406","targetHints":{"allow":["GET"]}}],"collection":[{"href":"https:\/\/brandupconsulting.es\/en\/wp-json\/wp\/v2\/product"}],"about":[{"href":"https:\/\/brandupconsulting.es\/en\/wp-json\/wp\/v2\/types\/product"}],"replies":[{"embeddable":true,"href":"https:\/\/brandupconsulting.es\/en\/wp-json\/wp\/v2\/comments?post=406"}],"wp:featuredmedia":[{"embeddable":true,"href":"https:\/\/brandupconsulting.es\/en\/wp-json\/wp\/v2\/media\/407"}],"wp:attachment":[{"href":"https:\/\/brandupconsulting.es\/en\/wp-json\/wp\/v2\/media?parent=406"}],"wp:term":[{"taxonomy":"product_brand","embeddable":true,"href":"https:\/\/brandupconsulting.es\/en\/wp-json\/wp\/v2\/product_brand?post=406"},{"taxonomy":"product_cat","embeddable":true,"href":"https:\/\/brandupconsulting.es\/en\/wp-json\/wp\/v2\/product_cat?post=406"},{"taxonomy":"product_tag","embeddable":true,"href":"https:\/\/brandupconsulting.es\/en\/wp-json\/wp\/v2\/product_tag?post=406"}],"curies":[{"name":"wp","href":"https:\/\/api.w.org\/{rel}","templated":true}]}}